{"id":21,"date":"2024-09-05T14:55:59","date_gmt":"2024-09-05T14:55:59","guid":{"rendered":"https:\/\/www.iedmariepoussepin.edu.co\/nosotros\/"},"modified":"2025-10-27T13:25:48","modified_gmt":"2025-10-27T18:25:48","slug":"nosotros","status":"publish","type":"page","link":"https:\/\/www.iedmariepoussepin.edu.co\/?page_id=21","title":{"rendered":"Nosotros"},"content":{"rendered":"\t\t<div data-elementor-type=\"wp-page\" data-elementor-id=\"21\" class=\"elementor elementor-21\">\n\t\t\t\t\t\t<section class=\"elementor-section elementor-top-section elementor-element elementor-element-54e30752 elementor-section-full_width elementor-section-height-default elementor-section-height-default\" data-id=\"54e30752\" data-element_type=\"section\" data-e-type=\"section\">\n\t\t\t\t\t\t<div class=\"elementor-container elementor-column-gap-no\">\n\t\t\t\t\t<div class=\"elementor-column elementor-col-50 elementor-top-column elementor-element elementor-element-535a3cf4\" data-id=\"535a3cf4\" data-element_type=\"column\" data-e-type=\"column\">\n\t\t\t<div class=\"elementor-widget-wrap elementor-element-populated\">\n\t\t\t\t\t\t<div class=\"elementor-element elementor-element-42b06eb4 elementor-widget elementor-widget-heading\" data-id=\"42b06eb4\" data-element_type=\"widget\" data-e-type=\"widget\" data-widget_type=\"heading.default\">\n\t\t\t\t<div class=\"elementor-widget-container\">\n\t\t\t\t\t<h1 class=\"elementor-heading-title elementor-size-default\">Sobre Nosotros<\/h1>\t\t\t\t<\/div>\n\t\t\t\t<\/div>\n\t\t\t\t<div class=\"elementor-element elementor-element-552b94f4 elementor-widget-divider--view-line elementor-widget elementor-widget-divider\" data-id=\"552b94f4\" data-element_type=\"widget\" data-e-type=\"widget\" data-widget_type=\"divider.default\">\n\t\t\t\t<div class=\"elementor-widget-container\">\n\t\t\t\t\t\t\t<div class=\"elementor-divider\">\n\t\t\t<span class=\"elementor-divider-separator\">\n\t\t\t\t\t\t<\/span>\n\t\t<\/div>\n\t\t\t\t\t\t<\/div>\n\t\t\t\t<\/div>\n\t\t\t\t\t<\/div>\n\t\t<\/div>\n\t\t\t\t<div class=\"elementor-column elementor-col-50 elementor-top-column elementor-element elementor-element-33af207d\" data-id=\"33af207d\" data-element_type=\"column\" data-e-type=\"column\" data-settings=\"{&quot;background_background&quot;:&quot;classic&quot;}\">\n\t\t\t<div class=\"elementor-widget-wrap elementor-element-populated\">\n\t\t\t\t\t\t<div class=\"elementor-element elementor-element-19059f9 elementor-widget elementor-widget-image\" data-id=\"19059f9\" data-element_type=\"widget\" data-e-type=\"widget\" data-widget_type=\"image.default\">\n\t\t\t\t<div class=\"elementor-widget-container\">\n\t\t\t\t\t\t\t\t\t\t\t\t\t\t\t<img fetchpriority=\"high\" decoding=\"async\" width=\"225\" height=\"300\" src=\"https:\/\/www.iedmariepoussepin.edu.co\/wp-content\/uploads\/2024\/09\/IMG-20240625-WA0061-225x300.jpg\" class=\"attachment-medium size-medium wp-image-257\" alt=\"\" srcset=\"https:\/\/www.iedmariepoussepin.edu.co\/wp-content\/uploads\/2024\/09\/IMG-20240625-WA0061-225x300.jpg 225w, https:\/\/www.iedmariepoussepin.edu.co\/wp-content\/uploads\/2024\/09\/IMG-20240625-WA0061.jpg 762w\" sizes=\"(max-width: 225px) 100vw, 225px\" \/>\t\t\t\t\t\t\t\t\t\t\t\t\t\t\t<\/div>\n\t\t\t\t<\/div>\n\t\t\t\t\t<\/div>\n\t\t<\/div>\n\t\t\t\t\t<\/div>\n\t\t<\/section>\n\t\t<div class=\"elementor-element elementor-element-c4723fe e-flex e-con-boxed e-con e-parent\" data-id=\"c4723fe\" data-element_type=\"container\" data-e-type=\"container\">\n\t\t\t\t\t<div class=\"e-con-inner\">\n\t\t\t\t<div class=\"elementor-element elementor-element-06bac5b elementor-widget elementor-widget-spacer\" data-id=\"06bac5b\" data-element_type=\"widget\" data-e-type=\"widget\" data-widget_type=\"spacer.default\">\n\t\t\t\t<div class=\"elementor-widget-container\">\n\t\t\t\t\t\t\t<div class=\"elementor-spacer\">\n\t\t\t<div class=\"elementor-spacer-inner\"><\/div>\n\t\t<\/div>\n\t\t\t\t\t\t<\/div>\n\t\t\t\t<\/div>\n\t\t\t\t\t<\/div>\n\t\t\t\t<\/div>\n\t\t<div class=\"elementor-element elementor-element-a2e876a e-grid e-con-boxed e-con e-parent\" data-id=\"a2e876a\" data-element_type=\"container\" data-e-type=\"container\">\n\t\t\t\t\t<div class=\"e-con-inner\">\n\t\t\t\t<div class=\"elementor-element elementor-element-f35b69f elementor-widget elementor-widget-heading\" data-id=\"f35b69f\" data-element_type=\"widget\" data-e-type=\"widget\" data-widget_type=\"heading.default\">\n\t\t\t\t<div class=\"elementor-widget-container\">\n\t\t\t\t\t<h2 class=\"elementor-heading-title elementor-size-default\">Misi\u00f3n<\/h2>\t\t\t\t<\/div>\n\t\t\t\t<\/div>\n\t\t\t\t<div class=\"elementor-element elementor-element-e03a9c3 elementor-widget elementor-widget-heading\" data-id=\"e03a9c3\" data-element_type=\"widget\" data-e-type=\"widget\" data-widget_type=\"heading.default\">\n\t\t\t\t<div class=\"elementor-widget-container\">\n\t\t\t\t\t<h2 class=\"elementor-heading-title elementor-size-default\">Visi\u00f3n<\/h2>\t\t\t\t<\/div>\n\t\t\t\t<\/div>\n\t\t\t\t<div class=\"elementor-element elementor-element-42b44d9 elementor-widget elementor-widget-text-editor\" data-id=\"42b44d9\" data-element_type=\"widget\" data-e-type=\"widget\" data-widget_type=\"text-editor.default\">\n\t\t\t\t<div class=\"elementor-widget-container\">\n\t\t\t\t\t\t\t\t\t<p>La IED Marie Poussepin es una instituci\u00f3n educativa de naturaleza oficial, femenina, inclusiva, que ofrece educaci\u00f3n de calidad en los niveles de Preescolar, B\u00e1sica y Media. Contribuimos con la formaci\u00f3n de ni\u00f1as y j\u00f3venes a trav\u00e9s de una oferta educativa que propende por el desarrollo de competencias b\u00e1sicas, laborales y ciudadanas, y el cultivo de valores y compromisos \u00e9ticos, con un proyecto educativo orientado por las pedagog\u00edas de Marie Poussepin. En el nivel de Media Acad\u00e9mica, ofrecemos profundizaciones en Artes, Humanidades y Ciencias Naturales, as\u00ed como articulaci\u00f3n con programas acad\u00e9micos t\u00e9cnicos laborales. Contamos con un equipo humano de alta calidad, comprometido con la formaci\u00f3n permanente, y con la construcci\u00f3n de ambientes de aprendizaje que propicien la sana convivencia, el disfrute de ense\u00f1ar y aprender, y la formaci\u00f3n de personas comprometidas con su formaci\u00f3n personal, el medio ambiente, la construcci\u00f3n de paz, y la transformaci\u00f3n de la sociedad.<\/p>\t\t\t\t\t\t\t\t<\/div>\n\t\t\t\t<\/div>\n\t\t\t\t<div class=\"elementor-element elementor-element-75d009c elementor-widget elementor-widget-text-editor\" data-id=\"75d009c\" data-element_type=\"widget\" data-e-type=\"widget\" data-widget_type=\"text-editor.default\">\n\t\t\t\t<div class=\"elementor-widget-container\">\n\t\t\t\t\t\t\t\t\t<p>La instituci\u00f3n ser\u00e1 en el 2025 una instituci\u00f3n educativa referente de calidad. en el caribe colombiano, que evoluciona para mantenerse a la vanguardia en formaci\u00f3n acad\u00e9mica y en valores, en sinton\u00eda con las innovaciones pedag\u00f3gicas y tecnol\u00f3gicas, formadora de l\u00edderes integrales, competentes y dispuestos a transformar su entorno, vincularse a la educaci\u00f3n superior y al sector productivo, como agentes de cambio social<\/p>\t\t\t\t\t\t\t\t<\/div>\n\t\t\t\t<\/div>\n\t\t\t\t\t<\/div>\n\t\t\t\t<\/div>\n\t\t<div class=\"elementor-element elementor-element-7170d13 e-flex e-con-boxed e-con e-parent\" data-id=\"7170d13\" data-element_type=\"container\" data-e-type=\"container\">\n\t\t\t\t\t<div class=\"e-con-inner\">\n\t\t\t\t<div class=\"elementor-element elementor-element-171c336 elementor-widget-divider--view-line elementor-widget elementor-widget-divider\" data-id=\"171c336\" data-element_type=\"widget\" data-e-type=\"widget\" data-widget_type=\"divider.default\">\n\t\t\t\t<div class=\"elementor-widget-container\">\n\t\t\t\t\t\t\t<div class=\"elementor-divider\">\n\t\t\t<span class=\"elementor-divider-separator\">\n\t\t\t\t\t\t<\/span>\n\t\t<\/div>\n\t\t\t\t\t\t<\/div>\n\t\t\t\t<\/div>\n\t\t\t\t\t<\/div>\n\t\t\t\t<\/div>\n\t\t<div class=\"elementor-element elementor-element-2a88755 e-flex e-con-boxed e-con e-parent\" data-id=\"2a88755\" data-element_type=\"container\" data-e-type=\"container\">\n\t\t\t\t\t<div class=\"e-con-inner\">\n\t\t\t\t<div class=\"elementor-element elementor-element-6615ae3 elementor-widget elementor-widget-heading\" data-id=\"6615ae3\" data-element_type=\"widget\" data-e-type=\"widget\" data-widget_type=\"heading.default\">\n\t\t\t\t<div class=\"elementor-widget-container\">\n\t\t\t\t\t<h2 class=\"elementor-heading-title elementor-size-default\">Manual De Convivencia<\/h2>\t\t\t\t<\/div>\n\t\t\t\t<\/div>\n\t\t\t\t<div class=\"elementor-element elementor-element-962f923 elementor-widget elementor-widget-image\" data-id=\"962f923\" data-element_type=\"widget\" data-e-type=\"widget\" data-widget_type=\"image.default\">\n\t\t\t\t<div class=\"elementor-widget-container\">\n\t\t\t\t\t\t\t\t\t\t\t\t\t\t\t\t<a href=\"https:\/\/www.iedmariepoussepin.edu.co\/wp-content\/uploads\/2025\/10\/Manual-de-convivencia-MP-2.pdf\" target=\"_blank\">\n\t\t\t\t\t\t\t<img decoding=\"async\" width=\"209\" height=\"300\" src=\"https:\/\/www.iedmariepoussepin.edu.co\/wp-content\/uploads\/2024\/11\/MConvi-209x300.png\" class=\"attachment-medium size-medium wp-image-416\" alt=\"\" srcset=\"https:\/\/www.iedmariepoussepin.edu.co\/wp-content\/uploads\/2024\/11\/MConvi-209x300.png 209w, https:\/\/www.iedmariepoussepin.edu.co\/wp-content\/uploads\/2024\/11\/MConvi.png 505w\" sizes=\"(max-width: 209px) 100vw, 209px\" \/>\t\t\t\t\t\t\t\t<\/a>\n\t\t\t\t\t\t\t\t\t\t\t\t\t\t\t<\/div>\n\t\t\t\t<\/div>\n\t\t\t\t\t<\/div>\n\t\t\t\t<\/div>\n\t\t<div class=\"elementor-element elementor-element-ff95f04 e-flex e-con-boxed e-con e-parent\" data-id=\"ff95f04\" data-element_type=\"container\" data-e-type=\"container\">\n\t\t\t\t\t<div class=\"e-con-inner\">\n\t\t\t\t<div class=\"elementor-element elementor-element-24b7fa5 elementor-widget-divider--view-line elementor-widget elementor-widget-divider\" data-id=\"24b7fa5\" data-element_type=\"widget\" data-e-type=\"widget\" data-widget_type=\"divider.default\">\n\t\t\t\t<div class=\"elementor-widget-container\">\n\t\t\t\t\t\t\t<div class=\"elementor-divider\">\n\t\t\t<span class=\"elementor-divider-separator\">\n\t\t\t\t\t\t<\/span>\n\t\t<\/div>\n\t\t\t\t\t\t<\/div>\n\t\t\t\t<\/div>\n\t\t\t\t\t<\/div>\n\t\t\t\t<\/div>\n\t\t\t\t<section class=\"elementor-section elementor-top-section elementor-element elementor-element-bd66301 elementor-section-boxed elementor-section-height-default elementor-section-height-default\" data-id=\"bd66301\" data-element_type=\"section\" data-e-type=\"section\">\n\t\t\t\t\t\t<div class=\"elementor-container elementor-column-gap-default\">\n\t\t\t\t\t<div class=\"elementor-column elementor-col-100 elementor-top-column elementor-element elementor-element-3b21a86b\" data-id=\"3b21a86b\" data-element_type=\"column\" data-e-type=\"column\">\n\t\t\t<div class=\"elementor-widget-wrap elementor-element-populated\">\n\t\t\t\t\t\t<div class=\"elementor-element elementor-element-483c735a elementor-widget elementor-widget-heading\" data-id=\"483c735a\" data-element_type=\"widget\" data-e-type=\"widget\" data-widget_type=\"heading.default\">\n\t\t\t\t<div class=\"elementor-widget-container\">\n\t\t\t\t\t<h2 class=\"elementor-heading-title elementor-size-default\">Nuestro Equipo<\/h2>\t\t\t\t<\/div>\n\t\t\t\t<\/div>\n\t\t<div class=\"elementor-element elementor-element-f2039c5 e-grid e-con-boxed e-con e-parent\" data-id=\"f2039c5\" data-element_type=\"container\" data-e-type=\"container\">\n\t\t\t\t\t<div class=\"e-con-inner\">\n\t\t\t\t\t<\/div>\n\t\t\t\t<\/div>\n\t\t\t\t\t<\/div>\n\t\t<\/div>\n\t\t\t\t\t<\/div>\n\t\t<\/section>\n\t\t\t\t<section class=\"elementor-section elementor-top-section elementor-element elementor-element-245ebb70 elementor-section-full_width elementor-section-height-default elementor-section-height-default\" data-id=\"245ebb70\" data-element_type=\"section\" data-e-type=\"section\">\n\t\t\t\t\t\t<div class=\"elementor-container elementor-column-gap-wide\">\n\t\t\t\t\t<div class=\"elementor-column elementor-col-100 elementor-top-column elementor-element elementor-element-55d19106\" data-id=\"55d19106\" data-element_type=\"column\" data-e-type=\"column\">\n\t\t\t<div class=\"elementor-widget-wrap elementor-element-populated\">\n\t\t\t\t\t\t<div class=\"elementor-element elementor-element-1cf1357 elementor-arrows-position-inside elementor-pagination-position-outside elementor-widget elementor-widget-image-carousel\" data-id=\"1cf1357\" data-element_type=\"widget\" data-e-type=\"widget\" data-settings=\"{&quot;slides_to_show&quot;:&quot;1&quot;,&quot;navigation&quot;:&quot;both&quot;,&quot;autoplay&quot;:&quot;yes&quot;,&quot;pause_on_hover&quot;:&quot;yes&quot;,&quot;pause_on_interaction&quot;:&quot;yes&quot;,&quot;autoplay_speed&quot;:5000,&quot;infinite&quot;:&quot;yes&quot;,&quot;effect&quot;:&quot;slide&quot;,&quot;speed&quot;:500}\" data-widget_type=\"image-carousel.default\">\n\t\t\t\t<div class=\"elementor-widget-container\">\n\t\t\t\t\t\t\t<div class=\"elementor-image-carousel-wrapper swiper\" role=\"region\" aria-roledescription=\"carousel\" aria-label=\"Carrusel de im\u00e1genes\" dir=\"ltr\">\n\t\t\t<div class=\"elementor-image-carousel swiper-wrapper\" aria-live=\"off\">\n\t\t\t\t\t\t\t\t<div class=\"swiper-slide\" role=\"group\" aria-roledescription=\"slide\" aria-label=\"1 de 7\"><figure class=\"swiper-slide-inner\"><img decoding=\"async\" src=\"https:\/\/www.iedmariepoussepin.edu.co\/wp-content\/uploads\/2024\/09\/IMG-20240729-WA0037-1536x852.jpg\" alt=\"IMG-20240729-WA0037\" class=\"swiper-slide-image\" width=\"1536\" height=\"852\" \/><\/figure><\/div><div class=\"swiper-slide\" role=\"group\" aria-roledescription=\"slide\" aria-label=\"2 de 7\"><figure class=\"swiper-slide-inner\"><img loading=\"lazy\" decoding=\"async\" src=\"https:\/\/www.iedmariepoussepin.edu.co\/wp-content\/uploads\/2024\/09\/IMG-20240522-WA0040.jpg\" alt=\"IMG-20240522-WA0040\" class=\"swiper-slide-image\" width=\"1280\" height=\"960\" \/><\/figure><\/div><div class=\"swiper-slide\" role=\"group\" aria-roledescription=\"slide\" aria-label=\"3 de 7\"><figure class=\"swiper-slide-inner\"><img loading=\"lazy\" decoding=\"async\" src=\"https:\/\/www.iedmariepoussepin.edu.co\/wp-content\/uploads\/2024\/09\/IMG-20240522-WA0038.jpg\" alt=\"IMG-20240522-WA0038\" class=\"swiper-slide-image\" width=\"1280\" height=\"960\" \/><\/figure><\/div><div class=\"swiper-slide\" role=\"group\" aria-roledescription=\"slide\" aria-label=\"4 de 7\"><figure class=\"swiper-slide-inner\"><img loading=\"lazy\" decoding=\"async\" src=\"https:\/\/www.iedmariepoussepin.edu.co\/wp-content\/uploads\/2024\/09\/IMG-20240522-WA0035.jpg\" alt=\"IMG-20240522-WA0035\" class=\"swiper-slide-image\" width=\"1280\" height=\"960\" \/><\/figure><\/div><div class=\"swiper-slide\" role=\"group\" aria-roledescription=\"slide\" aria-label=\"5 de 7\"><figure class=\"swiper-slide-inner\"><img loading=\"lazy\" decoding=\"async\" src=\"https:\/\/www.iedmariepoussepin.edu.co\/wp-content\/uploads\/2024\/09\/IMG-20240530-WA0049-1536x1156.jpg\" alt=\"IMG-20240530-WA0049\" class=\"swiper-slide-image\" width=\"1536\" height=\"1156\" \/><\/figure><\/div><div class=\"swiper-slide\" role=\"group\" aria-roledescription=\"slide\" aria-label=\"6 de 7\"><figure class=\"swiper-slide-inner\"><img loading=\"lazy\" decoding=\"async\" src=\"https:\/\/www.iedmariepoussepin.edu.co\/wp-content\/uploads\/2024\/09\/20240620_101411-1536x1152.jpg\" alt=\"20240620_101411\" class=\"swiper-slide-image\" width=\"1536\" height=\"1152\" \/><\/figure><\/div><div class=\"swiper-slide\" role=\"group\" aria-roledescription=\"slide\" aria-label=\"7 de 7\"><figure class=\"swiper-slide-inner\"><img loading=\"lazy\" decoding=\"async\" src=\"https:\/\/www.iedmariepoussepin.edu.co\/wp-content\/uploads\/2024\/09\/20240524_091810-1536x1152.jpg\" alt=\"20240524_091810\" class=\"swiper-slide-image\" width=\"1536\" height=\"1152\" \/><\/figure><\/div>\t\t\t<\/div>\n\t\t\t\t\t\t\t\t\t\t\t\t<div class=\"elementor-swiper-button elementor-swiper-button-prev\" role=\"button\" tabindex=\"0\">\n\t\t\t\t\t\t<i aria-hidden=\"true\" class=\"eicon-chevron-left\"><\/i>\t\t\t\t\t<\/div>\n\t\t\t\t\t<div class=\"elementor-swiper-button elementor-swiper-button-next\" role=\"button\" tabindex=\"0\">\n\t\t\t\t\t\t<i aria-hidden=\"true\" class=\"eicon-chevron-right\"><\/i>\t\t\t\t\t<\/div>\n\t\t\t\t\n\t\t\t\t\t\t\t\t\t<div class=\"swiper-pagination\"><\/div>\n\t\t\t\t\t\t\t\t\t<\/div>\n\t\t\t\t\t\t<\/div>\n\t\t\t\t<\/div>\n\t\t\t\t\t<\/div>\n\t\t<\/div>\n\t\t\t\t\t<\/div>\n\t\t<\/section>\n\t\t\t\t<\/div>\n\t\t","protected":false},"excerpt":{"rendered":"<p>Sobre nosotros<\/p>\n","protected":false},"author":1,"featured_media":0,"parent":0,"menu_order":0,"comment_status":"closed","ping_status":"closed","template":"elementor_header_footer","meta":{"footnotes":""},"class_list":["post-21","page","type-page","status-publish","hentry"],"_links":{"self":[{"href":"https:\/\/www.iedmariepoussepin.edu.co\/index.php?rest_route=\/wp\/v2\/pages\/21","targetHints":{"allow":["GET"]}}],"collection":[{"href":"https:\/\/www.iedmariepoussepin.edu.co\/index.php?rest_route=\/wp\/v2\/pages"}],"about":[{"href":"https:\/\/www.iedmariepoussepin.edu.co\/index.php?rest_route=\/wp\/v2\/types\/page"}],"author":[{"embeddable":true,"href":"https:\/\/www.iedmariepoussepin.edu.co\/index.php?rest_route=\/wp\/v2\/users\/1"}],"replies":[{"embeddable":true,"href":"https:\/\/www.iedmariepoussepin.edu.co\/index.php?rest_route=%2Fwp%2Fv2%2Fcomments&post=21"}],"version-history":[{"count":22,"href":"https:\/\/www.iedmariepoussepin.edu.co\/index.php?rest_route=\/wp\/v2\/pages\/21\/revisions"}],"predecessor-version":[{"id":939,"href":"https:\/\/www.iedmariepoussepin.edu.co\/index.php?rest_route=\/wp\/v2\/pages\/21\/revisions\/939"}],"wp:attachment":[{"href":"https:\/\/www.iedmariepoussepin.edu.co\/index.php?rest_route=%2Fwp%2Fv2%2Fmedia&parent=21"}],"curies":[{"name":"wp","href":"https:\/\/api.w.org\/{rel}","templated":true}]}}